{"id":2,"date":"2019-05-25T16:00:43","date_gmt":"2019-05-25T14:00:43","guid":{"rendered":"http:\/\/manoirdekergal.bzh\/?page_id=2"},"modified":"2025-09-09T22:58:04","modified_gmt":"2025-09-09T20:58:04","slug":"page-d-exemple","status":"publish","type":"page","link":"https:\/\/manoirdekergal.bzh\/","title":{"rendered":"Bienvenue au manoir de Kergal"},"content":{"rendered":"\n<figure class=\"wp-block-image size-large\"><img loading=\"lazy\" decoding=\"async\" width=\"1024\" height=\"576\" src=\"http:\/\/manoirdekergal.bzh\/wp-content\/uploads\/2024\/05\/IMG_0355-1024x576.jpg\" alt=\"\" class=\"wp-image-241\" srcset=\"https:\/\/manoirdekergal.bzh\/wp-content\/uploads\/2024\/05\/IMG_0355-1024x576.jpg 1024w, https:\/\/manoirdekergal.bzh\/wp-content\/uploads\/2024\/05\/IMG_0355-300x169.jpg 300w, https:\/\/manoirdekergal.bzh\/wp-content\/uploads\/2024\/05\/IMG_0355-768x432.jpg 768w, https:\/\/manoirdekergal.bzh\/wp-content\/uploads\/2024\/05\/IMG_0355-1536x864.jpg 1536w, https:\/\/manoirdekergal.bzh\/wp-content\/uploads\/2024\/05\/IMG_0355-2048x1152.jpg 2048w, https:\/\/manoirdekergal.bzh\/wp-content\/uploads\/2024\/05\/IMG_0355-1568x882.jpg 1568w\" sizes=\"auto, (max-width: 1024px) 100vw, 1024px\" \/><\/figure>\n\n\n\n<p class=\"has-dark-gray-color has-text-color has-link-color has-normal-font-size wp-elements-a05130e6ac78db1348dae3fa9bc5a845\">Le manoir est ouvert \u00e0 l&#8217;occasion des <strong>Journ\u00e9es europ\u00e9ennes du patrimoine<\/strong> <strong>2025<\/strong><\/p>\n\n\n\n<p class=\"has-dark-gray-color has-very-light-gray-to-cyan-bluish-gray-gradient-background has-text-color has-background has-link-color has-normal-font-size wp-elements-438bf2888777e89afe6fe5072f06a28d\"><strong>le samedi 20 septembre de 10h \u00e0 12h et de 14h \u00e0 19h<\/strong><\/p>\n\n\n\n<p class=\"has-very-light-gray-to-cyan-bluish-gray-gradient-background has-background has-normal-font-size\"><strong>le dimanche 21 septembre de 10h \u00e0 12h et de 14h \u00e0 19h<\/strong><br><\/p>\n\n\n\n<p class=\"has-very-light-gray-to-cyan-bluish-gray-gradient-background has-background has-normal-font-size\">Visite guid\u00e9e en continu (ext\u00e9rieur et int\u00e9rieur)<br>et circuit-promenade dans le vallon (fontaine, point de vue)<\/p>\n\n\n\n<p class=\"has-dark-gray-color has-very-light-gray-to-cyan-bluish-gray-gradient-background has-text-color has-background has-link-color has-normal-font-size wp-elements-2086a20b3d126d8386a3bb3f84290e7b\">La visite est gratuite et sans r\u00e9servation.<\/p>\n\n\n\n<p class=\"has-dark-gray-color has-very-light-gray-to-cyan-bluish-gray-gradient-background has-text-color has-background has-link-color has-normal-font-size wp-elements-2221993e8128732c5283aa434018df1e\"><em>Le manoir de Kergal est \u00e9galement l&#8217;une des \u00e9tapes du parcours du patrimoine de la commune de Brandivy, coup de coeur 2025 de la R\u00e9gion Bretagne avec le ch\u00e2teau de La Grandville.<\/em><\/p>\n\n\n\n<blockquote class=\"wp-block-quote is-style-default is-layout-flow wp-block-quote-is-layout-flow\">\n<p>Le manoir de Kergal a \u00e9t\u00e9 construit dans la premi\u00e8re moiti\u00e9 du XVIe si\u00e8cle. D\u00e9grad\u00e9 par le temps et l&#8217;usage agricole, mais peu transform\u00e9, il a travers\u00e9 cinq si\u00e8cles et r\u00e9sist\u00e9 aux guerres et aux temp\u00eates. L&#8217;histoire de ses propri\u00e9taires croise souvent la grande histoire, du rattachement de la Bretagne \u00e0 la France \u00e0 l&#8217;exp\u00e9dition de Quiberon en passant par la conspiration de Pontcallec. Nous serons heureux de vous accueillir au manoir pour vous raconter leurs aventures.<\/p>\n\n\n\n<p>Le manoir est inscrit \u00e0 la liste suppl\u00e9mentaire des monuments historiques depuis 1925. A ce titre, la DRAC Bretagne, la R\u00e9gion Bretagne et le D\u00e9partement soutiennent le projet de sauvegarde entrepris \u00e0 partir de 2012. Les travaux sont ex\u00e9cut\u00e9s par des entreprises locales, dans le respect des savoir-faire anciens. La ma\u00eetrise d\u2019\u0153uvre a \u00e9t\u00e9 confi\u00e9e \u00e0 un architecte du patrimoine.<\/p>\n<\/blockquote>\n\n\n\n<p> Le manoir est situ\u00e9 \u00e0 deux kilom\u00e8tres au nord du village de Brandivy (Morbihan), au lieu-dit Kergal. <\/p>\n\n\n\n<p>Il a fait l&#8217;objet d&#8217;un vaste programme de restauration qui s&#8217;est achev\u00e9 fin 2024 apr\u00e8s 12 ans de travaux.<\/p>\n\n\n\n<p class=\"has-dark-gray-color has-text-color has-link-color has-normal-font-size wp-elements-17f85975b830bbb99cb5affdd0a982ec\"><\/p>\n\n\n\n<p><br><br><\/p>\n","protected":false},"excerpt":{"rendered":"<p>Le manoir est ouvert \u00e0 l&#8217;occasion des Journ\u00e9es europ\u00e9ennes du patrimoine 2025 le samedi 20 septembre de 10h \u00e0 12h et de 14h \u00e0 19h le dimanche 21 septembre de 10h \u00e0 12h et de 14h \u00e0 19h Visite guid\u00e9e en continu (ext\u00e9rieur et int\u00e9rieur)et circuit-promenade dans le vallon (fontaine, point de vue) La visite [&hellip;]<\/p>\n","protected":false},"author":1,"featured_media":0,"parent":0,"menu_order":0,"comment_status":"closed","ping_status":"open","template":"","meta":{"footnotes":""},"class_list":["post-2","page","type-page","status-publish","hentry","entry"],"_links":{"self":[{"href":"https:\/\/manoirdekergal.bzh\/index.php?rest_route=\/wp\/v2\/pages\/2","targetHints":{"allow":["GET"]}}],"collection":[{"href":"https:\/\/manoirdekergal.bzh\/index.php?rest_route=\/wp\/v2\/pages"}],"about":[{"href":"https:\/\/manoirdekergal.bzh\/index.php?rest_route=\/wp\/v2\/types\/page"}],"author":[{"embeddable":true,"href":"https:\/\/manoirdekergal.bzh\/index.php?rest_route=\/wp\/v2\/users\/1"}],"replies":[{"embeddable":true,"href":"https:\/\/manoirdekergal.bzh\/index.php?rest_route=%2Fwp%2Fv2%2Fcomments&post=2"}],"version-history":[{"count":33,"href":"https:\/\/manoirdekergal.bzh\/index.php?rest_route=\/wp\/v2\/pages\/2\/revisions"}],"predecessor-version":[{"id":262,"href":"https:\/\/manoirdekergal.bzh\/index.php?rest_route=\/wp\/v2\/pages\/2\/revisions\/262"}],"wp:attachment":[{"href":"https:\/\/manoirdekergal.bzh\/index.php?rest_route=%2Fwp%2Fv2%2Fmedia&parent=2"}],"curies":[{"name":"wp","href":"https:\/\/api.w.org\/{rel}","templated":true}]}}